{"id":2997,"date":"2024-04-29T16:43:41","date_gmt":"2024-04-29T16:43:41","guid":{"rendered":"https:\/\/www.vr-dichtungen.com\/impressum\/"},"modified":"2024-05-08T14:13:02","modified_gmt":"2024-05-08T14:13:02","slug":"impressum","status":"publish","type":"page","link":"https:\/\/www.vr-dichtungen.com\/de\/impressum\/","title":{"rendered":"Impressum &#8211; Imprint"},"content":{"rendered":"\t\t<div data-elementor-type=\"wp-page\" data-elementor-id=\"2997\" class=\"elementor elementor-2997 elementor-1628\" data-elementor-settings=\"{&quot;ha_cmc_init_switcher&quot;:&quot;no&quot;}\" data-elementor-post-type=\"page\">\n\t\t\t\t\t\t<section class=\"elementor-section elementor-top-section elementor-element elementor-element-e8afe44 elementor-section-content-middle elementor-section-boxed elementor-section-height-default elementor-section-height-default\" data-id=\"e8afe44\" data-element_type=\"section\" data-e-type=\"section\" data-settings=\"{&quot;_ha_eqh_enable&quot;:false}\">\n\t\t\t\t\t\t<div class=\"elementor-container elementor-column-gap-default\">\n\t\t\t\t\t<div class=\"elementor-column elementor-col-100 elementor-top-column elementor-element elementor-element-c28279e\" data-id=\"c28279e\" data-element_type=\"column\" data-e-type=\"column\">\n\t\t\t<div class=\"elementor-widget-wrap elementor-element-populated\">\n\t\t\t\t\t\t<div class=\"elementor-element elementor-element-207d821 elementor-widget elementor-widget-heading\" data-id=\"207d821\" data-element_type=\"widget\" data-e-type=\"widget\" data-widget_type=\"heading.default\">\n\t\t\t\t<div class=\"elementor-widget-container\">\n\t\t\t\t\t<h2 class=\"elementor-heading-title elementor-size-default\">Impressum<\/h2>\t\t\t\t<\/div>\n\t\t\t\t<\/div>\n\t\t\t\t<div class=\"elementor-element elementor-element-d976fbf elementor-widget elementor-widget-text-editor\" data-id=\"d976fbf\" data-element_type=\"widget\" data-e-type=\"widget\" data-widget_type=\"text-editor.default\">\n\t\t\t\t<div class=\"elementor-widget-container\">\n\t\t\t\t\t\t\t\t\t<p><b>Information according to \u00a7 5 DDG <\/b><\/p><p>VR Dichtungen GmbH<br \/>Patrick Keulers<br\/>F.W.-Raiffeisenstr. 11-13<br\/>52531 Uebach-Palenberg<br\/>Germany<br\/><\/p><p><b>Vertreten durch:<\/b> Patrick Keulers<br\/><\/p><p><b>Kontakt:<\/b><br\/>Telefon: 492451482080<br\/>Fax: 4924514820827<br\/>E-Mail: <span style=\"display: none !important;\">2SzmTMAjftG6tBG<\/span>info<span style=\"display: none !important;\">PJAUapdXvdPT7sQ<\/span>@<span style=\"display: none !important;\">HMimZ5eGOrHQiER<\/span>vr-dichtungen.com<span style=\"display: none !important;\">AkHPhMEWWUHZu1G<\/span><br\/><\/p><p><b>Registereintrag:<\/b><br\/>Register: Handelsregister<br\/>Register Ort: Aachen<br\/>Registernummer: HRB 9523<br\/><\/p><p><b>Haftungsausschluss<\/b><br \/><\/p><p><b>Haftung f\u00fcr Links:<\/b><br\/>Unser Angebot enth\u00e4lt Links zu externen Webseiten Dritter, auf deren Inhalte wir keinen Einfluss haben. Deshalb k\u00f6nnen wir f\u00fcr diese fremden Inhalte auch keine Gew\u00e4hr \u00fcbernehmen. F\u00fcr die Inhalte der verlinkten Seiten ist stets der jeweilige Anbieter oder Betreiber der Seiten verantwortlich. Die verlinkten Seiten wurden zum Zeitpunkt der Verlinkung auf m\u00f6gliche Rechtsverst\u00f6\u00dfe \u00fcberpr\u00fcft. Rechtswidrige Inhalte waren zum Zeitpunkt der Verlinkung nicht erkennbar. Eine permanente inhaltliche Kontrolle der verlinkten Seiten ist jedoch ohne konkrete Anhaltspunkte einer Rechtsverletzung nicht zumutbar. Bei Bekanntwerden von Rechtsverletzungen werden wir derartige Links umgehend entfernen.<\/p><p><b>Haftung f\u00fcr Inhalt:<\/b><br\/>The contents of our pages were created with the greatest care. However, we cannot assume any liability for the correctness, completeness and topicality of the contents. As a service provider, we are responsible for our own content on these pages in accordance with \u00a7 5 DDG and general laws. According to \u00a7 5 DDG we are not obliged to monitor transmitted or stored information from third parties or to investigate circumstances that indicate illegal activity. Obligations to remove or block the use of information according to general laws remain unaffected. However, liability in this respect is only possible from the time of knowledge of a concrete infringement. If we become aware of any such violations, we will remove the content in question immediately.<\/p><p><b>Urheberrecht<\/b><br \/>Die durch die Seitenbetreiber erstellten Inhalte und Werke auf diesen Seiten unterliegen dem deutschen Urheberrecht. Die Vervielf\u00e4ltigung, Bearbeitung, Verbreitung und jede Art der Verwertung au\u00dferhalb der Grenzen des Urheberrechtes bed\u00fcrfen der schriftlichen Zustimmung des jeweiligen Autors bzw. Erstellers. Downloads und Kopien dieser Seite sind nur f\u00fcr den privaten, nicht kommerziellen Gebrauch gestattet. Soweit die Inhalte auf dieser Seite nicht vom Betreiber erstellt wurden, werden die Urheberrechte Dritter beachtet. Insbesondere werden Inhalte Dritter als solche gekennzeichnet. Sollten Sie trotzdem auf eine Urheberrechtsverletzung aufmerksam werden, bitten wir um einen entsprechenden Hinweis. Bei Bekanntwerden von Rechtsverletzungen werden wir derartige Inhalte umgehend entfernen.<\/p>\t\t\t\t\t\t\t\t<\/div>\n\t\t\t\t<\/div>\n\t\t\t\t\t<\/div>\n\t\t<\/div>\n\t\t\t\t\t<\/div>\n\t\t<\/section>\n\t\t\t\t<\/div>\n\t\t","protected":false},"excerpt":{"rendered":"<p>Impressum<\/p>\n","protected":false},"author":2,"featured_media":0,"parent":0,"menu_order":0,"comment_status":"closed","ping_status":"closed","template":"","meta":{"content-type":"","footnotes":""},"class_list":["post-2997","page","type-page","status-publish","hentry"],"yoast_head":"<!-- This site is optimized with the Yoast SEO Premium plugin v27.1 (Yoast SEO v27.3) - https:\/\/yoast.com\/product\/yoast-seo-premium-wordpress\/ -->\n<title>Impressum - Imprint - VR Dichtungen<\/title>\n<meta name=\"robots\" content=\"index, follow, max-snippet:-1, max-image-preview:large, max-video-preview:-1\" \/>\n<link rel=\"canonical\" href=\"https:\/\/www.vr-dichtungen.com\/de\/impressum\/\" \/>\n<meta property=\"og:locale\" content=\"de_DE\" \/>\n<meta property=\"og:type\" content=\"article\" \/>\n<meta property=\"og:title\" content=\"Impressum - Imprint\" \/>\n<meta property=\"og:description\" content=\"Impressum\" \/>\n<meta property=\"og:url\" content=\"https:\/\/www.vr-dichtungen.com\/de\/impressum\/\" \/>\n<meta property=\"og:site_name\" content=\"VR Dichtungen\" \/>\n<meta property=\"article:modified_time\" content=\"2024-05-08T14:13:02+00:00\" \/>\n<meta name=\"twitter:card\" content=\"summary_large_image\" \/>\n<meta name=\"twitter:label1\" content=\"Gesch\u00e4tzte Lesezeit\" \/>\n\t<meta name=\"twitter:data1\" content=\"1\u00a0Minute\" \/>\n<script type=\"application\/ld+json\" class=\"yoast-schema-graph\">{\"@context\":\"https:\\\/\\\/schema.org\",\"@graph\":[{\"@type\":\"WebPage\",\"@id\":\"https:\\\/\\\/www.vr-dichtungen.com\\\/de\\\/impressum\\\/\",\"url\":\"https:\\\/\\\/www.vr-dichtungen.com\\\/de\\\/impressum\\\/\",\"name\":\"Impressum - Imprint - VR Dichtungen\",\"isPartOf\":{\"@id\":\"https:\\\/\\\/www.vr-dichtungen.com\\\/de\\\/#website\"},\"datePublished\":\"2024-04-29T16:43:41+00:00\",\"dateModified\":\"2024-05-08T14:13:02+00:00\",\"breadcrumb\":{\"@id\":\"https:\\\/\\\/www.vr-dichtungen.com\\\/de\\\/impressum\\\/#breadcrumb\"},\"inLanguage\":\"de\",\"potentialAction\":[{\"@type\":\"ReadAction\",\"target\":[\"https:\\\/\\\/www.vr-dichtungen.com\\\/de\\\/impressum\\\/\"]}]},{\"@type\":\"BreadcrumbList\",\"@id\":\"https:\\\/\\\/www.vr-dichtungen.com\\\/de\\\/impressum\\\/#breadcrumb\",\"itemListElement\":[{\"@type\":\"ListItem\",\"position\":1,\"name\":\"Home\",\"item\":\"https:\\\/\\\/www.vr-dichtungen.com\\\/de\\\/home-cloned-2853\\\/\"},{\"@type\":\"ListItem\",\"position\":2,\"name\":\"Impressum &#8211; Imprint\"}]},{\"@type\":\"WebSite\",\"@id\":\"https:\\\/\\\/www.vr-dichtungen.com\\\/de\\\/#website\",\"url\":\"https:\\\/\\\/www.vr-dichtungen.com\\\/de\\\/\",\"name\":\"VR Dichtungen\",\"description\":\"Dichtungen\",\"publisher\":{\"@id\":\"https:\\\/\\\/www.vr-dichtungen.com\\\/de\\\/#organization\"},\"potentialAction\":[{\"@type\":\"SearchAction\",\"target\":{\"@type\":\"EntryPoint\",\"urlTemplate\":\"https:\\\/\\\/www.vr-dichtungen.com\\\/de\\\/?s={search_term_string}\"},\"query-input\":{\"@type\":\"PropertyValueSpecification\",\"valueRequired\":true,\"valueName\":\"search_term_string\"}}],\"inLanguage\":\"de\"},{\"@type\":\"Organization\",\"@id\":\"https:\\\/\\\/www.vr-dichtungen.com\\\/de\\\/#organization\",\"name\":\"VR Dichtungen\",\"url\":\"https:\\\/\\\/www.vr-dichtungen.com\\\/de\\\/\",\"logo\":{\"@type\":\"ImageObject\",\"inLanguage\":\"de\",\"@id\":\"https:\\\/\\\/www.vr-dichtungen.com\\\/de\\\/#\\\/schema\\\/logo\\\/image\\\/\",\"url\":\"https:\\\/\\\/www.vr-dichtungen.com\\\/wp-content\\\/uploads\\\/2024\\\/04\\\/VR-Logo-Blue.png\",\"contentUrl\":\"https:\\\/\\\/www.vr-dichtungen.com\\\/wp-content\\\/uploads\\\/2024\\\/04\\\/VR-Logo-Blue.png\",\"width\":1371,\"height\":268,\"caption\":\"VR Dichtungen\"},\"image\":{\"@id\":\"https:\\\/\\\/www.vr-dichtungen.com\\\/de\\\/#\\\/schema\\\/logo\\\/image\\\/\"},\"sameAs\":[\"https:\\\/\\\/www.linkedin.com\\\/company\\\/36620051\\\/\"]}]}<\/script>\n<!-- \/ Yoast SEO Premium plugin. -->","yoast_head_json":{"title":"Impressum - Imprint - VR Dichtungen","robots":{"index":"index","follow":"follow","max-snippet":"max-snippet:-1","max-image-preview":"max-image-preview:large","max-video-preview":"max-video-preview:-1"},"canonical":"https:\/\/www.vr-dichtungen.com\/de\/impressum\/","og_locale":"de_DE","og_type":"article","og_title":"Impressum - Imprint","og_description":"Impressum","og_url":"https:\/\/www.vr-dichtungen.com\/de\/impressum\/","og_site_name":"VR Dichtungen","article_modified_time":"2024-05-08T14:13:02+00:00","twitter_card":"summary_large_image","twitter_misc":{"Gesch\u00e4tzte Lesezeit":"1\u00a0Minute"},"schema":{"@context":"https:\/\/schema.org","@graph":[{"@type":"WebPage","@id":"https:\/\/www.vr-dichtungen.com\/de\/impressum\/","url":"https:\/\/www.vr-dichtungen.com\/de\/impressum\/","name":"Impressum - Imprint - VR Dichtungen","isPartOf":{"@id":"https:\/\/www.vr-dichtungen.com\/de\/#website"},"datePublished":"2024-04-29T16:43:41+00:00","dateModified":"2024-05-08T14:13:02+00:00","breadcrumb":{"@id":"https:\/\/www.vr-dichtungen.com\/de\/impressum\/#breadcrumb"},"inLanguage":"de","potentialAction":[{"@type":"ReadAction","target":["https:\/\/www.vr-dichtungen.com\/de\/impressum\/"]}]},{"@type":"BreadcrumbList","@id":"https:\/\/www.vr-dichtungen.com\/de\/impressum\/#breadcrumb","itemListElement":[{"@type":"ListItem","position":1,"name":"Home","item":"https:\/\/www.vr-dichtungen.com\/de\/home-cloned-2853\/"},{"@type":"ListItem","position":2,"name":"Impressum &#8211; Imprint"}]},{"@type":"WebSite","@id":"https:\/\/www.vr-dichtungen.com\/de\/#website","url":"https:\/\/www.vr-dichtungen.com\/de\/","name":"VR Dichtungen","description":"Dichtungen","publisher":{"@id":"https:\/\/www.vr-dichtungen.com\/de\/#organization"},"potentialAction":[{"@type":"SearchAction","target":{"@type":"EntryPoint","urlTemplate":"https:\/\/www.vr-dichtungen.com\/de\/?s={search_term_string}"},"query-input":{"@type":"PropertyValueSpecification","valueRequired":true,"valueName":"search_term_string"}}],"inLanguage":"de"},{"@type":"Organization","@id":"https:\/\/www.vr-dichtungen.com\/de\/#organization","name":"VR Dichtungen","url":"https:\/\/www.vr-dichtungen.com\/de\/","logo":{"@type":"ImageObject","inLanguage":"de","@id":"https:\/\/www.vr-dichtungen.com\/de\/#\/schema\/logo\/image\/","url":"https:\/\/www.vr-dichtungen.com\/wp-content\/uploads\/2024\/04\/VR-Logo-Blue.png","contentUrl":"https:\/\/www.vr-dichtungen.com\/wp-content\/uploads\/2024\/04\/VR-Logo-Blue.png","width":1371,"height":268,"caption":"VR Dichtungen"},"image":{"@id":"https:\/\/www.vr-dichtungen.com\/de\/#\/schema\/logo\/image\/"},"sameAs":["https:\/\/www.linkedin.com\/company\/36620051\/"]}]}},"_links":{"self":[{"href":"https:\/\/www.vr-dichtungen.com\/de\/wp-json\/wp\/v2\/pages\/2997","targetHints":{"allow":["GET"]}}],"collection":[{"href":"https:\/\/www.vr-dichtungen.com\/de\/wp-json\/wp\/v2\/pages"}],"about":[{"href":"https:\/\/www.vr-dichtungen.com\/de\/wp-json\/wp\/v2\/types\/page"}],"author":[{"embeddable":true,"href":"https:\/\/www.vr-dichtungen.com\/de\/wp-json\/wp\/v2\/users\/2"}],"replies":[{"embeddable":true,"href":"https:\/\/www.vr-dichtungen.com\/de\/wp-json\/wp\/v2\/comments?post=2997"}],"version-history":[{"count":14,"href":"https:\/\/www.vr-dichtungen.com\/de\/wp-json\/wp\/v2\/pages\/2997\/revisions"}],"predecessor-version":[{"id":3686,"href":"https:\/\/www.vr-dichtungen.com\/de\/wp-json\/wp\/v2\/pages\/2997\/revisions\/3686"}],"wp:attachment":[{"href":"https:\/\/www.vr-dichtungen.com\/de\/wp-json\/wp\/v2\/media?parent=2997"}],"curies":[{"name":"wp","href":"https:\/\/api.w.org\/{rel}","templated":true}]}}