{"id":5342,"date":"2024-04-30T05:22:19","date_gmt":"2024-04-30T05:22:19","guid":{"rendered":"https:\/\/www.vr-dichtungen.com\/technik\/lagerung\/"},"modified":"2024-04-30T05:22:19","modified_gmt":"2024-04-30T05:22:19","slug":"lagerung","status":"publish","type":"page","link":"https:\/\/www.vr-dichtungen.com\/ch\/technik\/lagerung\/","title":{"rendered":"Lagerung &#8211; Storage"},"content":{"rendered":"\t\t<div data-elementor-type=\"wp-page\" data-elementor-id=\"5342\" class=\"elementor elementor-5342 elementor-1909\" data-elementor-settings=\"{&quot;ha_cmc_init_switcher&quot;:&quot;no&quot;}\" data-elementor-post-type=\"page\">\n\t\t\t\t\t\t<section class=\"elementor-section elementor-top-section elementor-element elementor-element-d211aed elementor-section-boxed elementor-section-height-default elementor-section-height-default\" data-id=\"d211aed\" data-element_type=\"section\" data-e-type=\"section\" data-settings=\"{&quot;_ha_eqh_enable&quot;:false}\">\n\t\t\t\t\t\t<div class=\"elementor-container elementor-column-gap-default\">\n\t\t\t\t\t<div class=\"elementor-column elementor-col-100 elementor-top-column elementor-element elementor-element-48acc1c\" data-id=\"48acc1c\" data-element_type=\"column\" data-e-type=\"column\">\n\t\t\t<div class=\"elementor-widget-wrap elementor-element-populated\">\n\t\t\t\t\t\t<div class=\"elementor-element elementor-element-11d51d1 elementor-widget elementor-widget-heading\" data-id=\"11d51d1\" data-element_type=\"widget\" data-e-type=\"widget\" data-widget_type=\"heading.default\">\n\t\t\t\t<div class=\"elementor-widget-container\">\n\t\t\t\t\t<h2 class=\"elementor-heading-title elementor-size-default\">Lagerung<\/h2>\t\t\t\t<\/div>\n\t\t\t\t<\/div>\n\t\t\t\t<div class=\"elementor-element elementor-element-9bd3ed8 elementor-widget elementor-widget-text-editor\" data-id=\"9bd3ed8\" data-element_type=\"widget\" data-e-type=\"widget\" data-widget_type=\"text-editor.default\">\n\t\t\t\t<div class=\"elementor-widget-container\">\n\t\t\t\t\t\t\t\t\t<p>VR Dichtungen behalten ihre Eigenschaften nur, wenn sie richtig gelagert werden.<\/p><p>Um die Dichtungsfunktion zu erhalten, sollte die Lagerung bis zum Einbau, die Reinigung und die Wartung den Richtlinien der <b>DIN 7716 \/ ISO 2230<\/b> entsprechen.<\/p><p>Das Ergebnis ist eine l\u00e4ngere Lebensdauer ohne nennenswerte Beeintr\u00e4chtigung der Nutzbarkeit. Eine vorzeitige Alterung, Aush\u00e4rtung oder Verwitterung wird vermieden.<\/p>\t\t\t\t\t\t\t\t<\/div>\n\t\t\t\t<\/div>\n\t\t\t\t<div class=\"elementor-element elementor-element-0d5d7a7 elementor-widget elementor-widget-text-editor\" data-id=\"0d5d7a7\" data-element_type=\"widget\" data-e-type=\"widget\" data-widget_type=\"text-editor.default\">\n\t\t\t\t<div class=\"elementor-widget-container\">\n\t\t\t\t\t\t\t\t\t<p>Der Lagerraum muss daher k\u00fchl (optimale Temperatur 15 \u00b0C), trocken (optimale Luftfeuchtigkeit 65 %), sauber und bel\u00fcftet sein! Im Lagerraum d\u00fcrfen keine ozonerzeugenden elektrischen Ger\u00e4te (z.B. Drucker) aufgestellt werden. Ebenso sollte der Lagerraum nicht f\u00fcr die Lagerung von L\u00f6sungsmitteln oder ausgasenden Substanzen verwendet werden.<\/p>\n\t\t\t\t\t\t\t\t<\/div>\n\t\t\t\t<\/div>\n\t\t\t\t<div class=\"elementor-element elementor-element-4045f91 elementor-widget elementor-widget-heading\" data-id=\"4045f91\" data-element_type=\"widget\" data-e-type=\"widget\" data-widget_type=\"heading.default\">\n\t\t\t\t<div class=\"elementor-widget-container\">\n\t\t\t\t\t<h2 class=\"elementor-heading-title elementor-size-default\">Haltbarkeitsdauer<\/h2>\t\t\t\t<\/div>\n\t\t\t\t<\/div>\n\t\t\t\t\t<\/div>\n\t\t<\/div>\n\t\t\t\t\t<\/div>\n\t\t<\/section>\n\t\t\t\t<section class=\"elementor-section elementor-top-section elementor-element elementor-element-bb39c8a elementor-section-boxed elementor-section-height-default elementor-section-height-default\" data-id=\"bb39c8a\" data-element_type=\"section\" data-e-type=\"section\" data-settings=\"{&quot;_ha_eqh_enable&quot;:false}\">\n\t\t\t\t\t\t<div class=\"elementor-container elementor-column-gap-default\">\n\t\t\t\t\t<div class=\"elementor-column elementor-col-50 elementor-top-column elementor-element elementor-element-d9e879f\" data-id=\"d9e879f\" data-element_type=\"column\" data-e-type=\"column\" data-settings=\"{&quot;background_background&quot;:&quot;classic&quot;}\">\n\t\t\t<div class=\"elementor-widget-wrap elementor-element-populated\">\n\t\t\t\t\t\t<div class=\"elementor-element elementor-element-6b35fa1 elementor-widget elementor-widget-heading\" data-id=\"6b35fa1\" data-element_type=\"widget\" data-e-type=\"widget\" data-widget_type=\"heading.default\">\n\t\t\t\t<div class=\"elementor-widget-container\">\n\t\t\t\t\t<h2 class=\"elementor-heading-title elementor-size-default\">Wenn wir uns im Kreis drehen \u2013 tanzen wir.<\/h2>\t\t\t\t<\/div>\n\t\t\t\t<\/div>\n\t\t\t\t<div class=\"elementor-element elementor-element-2ebd0d3 elementor-align-left elementor-widget elementor-widget-button\" data-id=\"2ebd0d3\" data-element_type=\"widget\" data-e-type=\"widget\" data-widget_type=\"button.default\">\n\t\t\t\t<div class=\"elementor-widget-container\">\n\t\t\t\t\t\t\t\t\t<div class=\"elementor-button-wrapper\">\n\t\t\t\t\t<a class=\"elementor-button elementor-button-link elementor-size-sm\" href=\"https:\/\/www.vr-dichtungen.com\/de\/team\/\">\n\t\t\t\t\t\t<span class=\"elementor-button-content-wrapper\">\n\t\t\t\t\t\t<span class=\"elementor-button-icon\">\n\t\t\t\t<svg aria-hidden=\"true\" class=\"e-font-icon-svg e-fas-angle-double-right\" viewBox=\"0 0 448 512\" xmlns=\"http:\/\/www.w3.org\/2000\/svg\"><path d=\"M224.3 273l-136 136c-9.4 9.4-24.6 9.4-33.9 0l-22.6-22.6c-9.4-9.4-9.4-24.6 0-33.9l96.4-96.4-96.4-96.4c-9.4-9.4-9.4-24.6 0-33.9L54.3 103c9.4-9.4 24.6-9.4 33.9 0l136 136c9.5 9.4 9.5 24.6.1 34zm192-34l-136-136c-9.4-9.4-24.6-9.4-33.9 0l-22.6 22.6c-9.4 9.4-9.4 24.6 0 33.9l96.4 96.4-96.4 96.4c-9.4 9.4-9.4 24.6 0 33.9l22.6 22.6c9.4 9.4 24.6 9.4 33.9 0l136-136c9.4-9.2 9.4-24.4 0-33.8z\"><\/path><\/svg>\t\t\t<\/span>\n\t\t\t\t\t\t\t\t\t<span class=\"elementor-button-text\">Mehr erfahren<\/span>\n\t\t\t\t\t<\/span>\n\t\t\t\t\t<\/a>\n\t\t\t\t<\/div>\n\t\t\t\t\t\t\t\t<\/div>\n\t\t\t\t<\/div>\n\t\t\t\t\t<\/div>\n\t\t<\/div>\n\t\t\t\t<div class=\"elementor-column elementor-col-50 elementor-top-column elementor-element elementor-element-203ce0c\" data-id=\"203ce0c\" data-element_type=\"column\" data-e-type=\"column\" data-settings=\"{&quot;background_background&quot;:&quot;classic&quot;}\">\n\t\t\t<div class=\"elementor-widget-wrap elementor-element-populated\">\n\t\t\t\t\t\t<div class=\"elementor-element elementor-element-76fd3af elementor-widget elementor-widget-heading\" data-id=\"76fd3af\" data-element_type=\"widget\" data-e-type=\"widget\" data-widget_type=\"heading.default\">\n\t\t\t\t<div class=\"elementor-widget-container\">\n\t\t\t\t\t<h2 class=\"elementor-heading-title elementor-size-default\">Nachhaltigkeit ist fu\u0308r uns ein wichtiges Thema, das wir langfristig verfolgen werden.<\/h2>\t\t\t\t<\/div>\n\t\t\t\t<\/div>\n\t\t\t\t<div class=\"elementor-element elementor-element-3266e2c elementor-align-left elementor-widget elementor-widget-button\" data-id=\"3266e2c\" data-element_type=\"widget\" data-e-type=\"widget\" data-widget_type=\"button.default\">\n\t\t\t\t<div class=\"elementor-widget-container\">\n\t\t\t\t\t\t\t\t\t<div class=\"elementor-button-wrapper\">\n\t\t\t\t\t<a class=\"elementor-button elementor-button-link elementor-size-sm\" href=\"https:\/\/www.vr-dichtungen.com\/de\/kontaktformular\">\n\t\t\t\t\t\t<span class=\"elementor-button-content-wrapper\">\n\t\t\t\t\t\t<span class=\"elementor-button-icon\">\n\t\t\t\t<svg aria-hidden=\"true\" class=\"e-font-icon-svg e-fas-angle-double-right\" viewBox=\"0 0 448 512\" xmlns=\"http:\/\/www.w3.org\/2000\/svg\"><path d=\"M224.3 273l-136 136c-9.4 9.4-24.6 9.4-33.9 0l-22.6-22.6c-9.4-9.4-9.4-24.6 0-33.9l96.4-96.4-96.4-96.4c-9.4-9.4-9.4-24.6 0-33.9L54.3 103c9.4-9.4 24.6-9.4 33.9 0l136 136c9.5 9.4 9.5 24.6.1 34zm192-34l-136-136c-9.4-9.4-24.6-9.4-33.9 0l-22.6 22.6c-9.4 9.4-9.4 24.6 0 33.9l96.4 96.4-96.4 96.4c-9.4 9.4-9.4 24.6 0 33.9l22.6 22.6c9.4 9.4 24.6 9.4 33.9 0l136-136c9.4-9.2 9.4-24.4 0-33.8z\"><\/path><\/svg>\t\t\t<\/span>\n\t\t\t\t\t\t\t\t\t<span class=\"elementor-button-text\">Zum Formular<\/span>\n\t\t\t\t\t<\/span>\n\t\t\t\t\t<\/a>\n\t\t\t\t<\/div>\n\t\t\t\t\t\t\t\t<\/div>\n\t\t\t\t<\/div>\n\t\t\t\t<div class=\"elementor-element elementor-element-ac1ffbd elementor-widget elementor-widget-image\" data-id=\"ac1ffbd\" data-element_type=\"widget\" data-e-type=\"widget\" data-widget_type=\"image.default\">\n\t\t\t\t<div class=\"elementor-widget-container\">\n\t\t\t\t\t\t\t\t\t\t\t\t\t\t\t<img fetchpriority=\"high\" decoding=\"async\" width=\"427\" height=\"139\" src=\"https:\/\/www.vr-dichtungen.com\/wp-content\/uploads\/2024\/04\/sustainable_by_design.svg\" class=\"attachment-large size-large wp-image-1222\" alt=\"\" \/>\t\t\t\t\t\t\t\t\t\t\t\t\t\t\t<\/div>\n\t\t\t\t<\/div>\n\t\t\t\t\t<\/div>\n\t\t<\/div>\n\t\t\t\t\t<\/div>\n\t\t<\/section>\n\t\t\t\t<\/div>\n\t\t","protected":false},"excerpt":{"rendered":"<p>Lagerung VR Dichtungen behalten ihre Eigenschaften nur, wenn sie richtig gelagert werden. Um die Dichtungsfunktion zu erhalten, sollte die Lagerung bis zum Einbau, die Reinigung und die Wartung den Richtlinien der DIN 7716 \/ ISO 2230 entsprechen. Das Ergebnis ist eine l\u00e4ngere Lebensdauer ohne nennenswerte Beeintr\u00e4chtigung der Nutzbarkeit. Eine vorzeitige Alterung, Aush\u00e4rtung oder Verwitterung wird [&hellip;]<\/p>\n","protected":false},"author":2,"featured_media":0,"parent":5329,"menu_order":0,"comment_status":"closed","ping_status":"closed","template":"","meta":{"content-type":"","footnotes":""},"class_list":["post-5342","page","type-page","status-publish","hentry"],"yoast_head":"<!-- This site is optimized with the Yoast SEO Premium plugin v27.4 (Yoast SEO v27.4) - https:\/\/yoast.com\/product\/yoast-seo-premium-wordpress\/ -->\n<title>Lagerung - Storage - VR Dichtungen<\/title>\n<meta name=\"robots\" content=\"index, follow, max-snippet:-1, max-image-preview:large, max-video-preview:-1\" \/>\n<link rel=\"canonical\" href=\"https:\/\/www.vr-dichtungen.com\/ch\/technik\/lagerung\/\" \/>\n<meta property=\"og:locale\" content=\"de_DE\" \/>\n<meta property=\"og:type\" content=\"article\" \/>\n<meta property=\"og:title\" content=\"Lagerung - Storage\" \/>\n<meta property=\"og:description\" content=\"Lagerung VR Dichtungen behalten ihre Eigenschaften nur, wenn sie richtig gelagert werden. Um die Dichtungsfunktion zu erhalten, sollte die Lagerung bis zum Einbau, die Reinigung und die Wartung den Richtlinien der DIN 7716 \/ ISO 2230 entsprechen. Das Ergebnis ist eine l\u00e4ngere Lebensdauer ohne nennenswerte Beeintr\u00e4chtigung der Nutzbarkeit. Eine vorzeitige Alterung, Aush\u00e4rtung oder Verwitterung wird [&hellip;]\" \/>\n<meta property=\"og:url\" content=\"https:\/\/www.vr-dichtungen.com\/ch\/technik\/lagerung\/\" \/>\n<meta property=\"og:site_name\" content=\"VR Dichtungen\" \/>\n<meta property=\"og:image\" content=\"https:\/\/www.vr-dichtungen.com\/wp-content\/uploads\/2024\/04\/sustainable_by_design.svg\" \/>\n<meta name=\"twitter:card\" content=\"summary_large_image\" \/>\n<meta name=\"twitter:label1\" content=\"Gesch\u00e4tzte Lesezeit\" \/>\n\t<meta name=\"twitter:data1\" content=\"1\u00a0Minute\" \/>\n<script type=\"application\/ld+json\" class=\"yoast-schema-graph\">{\"@context\":\"https:\\\/\\\/schema.org\",\"@graph\":[{\"@type\":\"WebPage\",\"@id\":\"https:\\\/\\\/www.vr-dichtungen.com\\\/ch\\\/technik\\\/lagerung\\\/\",\"url\":\"https:\\\/\\\/www.vr-dichtungen.com\\\/ch\\\/technik\\\/lagerung\\\/\",\"name\":\"Lagerung - Storage - VR Dichtungen\",\"isPartOf\":{\"@id\":\"https:\\\/\\\/www.vr-dichtungen.com\\\/ch\\\/#website\"},\"primaryImageOfPage\":{\"@id\":\"https:\\\/\\\/www.vr-dichtungen.com\\\/ch\\\/technik\\\/lagerung\\\/#primaryimage\"},\"image\":{\"@id\":\"https:\\\/\\\/www.vr-dichtungen.com\\\/ch\\\/technik\\\/lagerung\\\/#primaryimage\"},\"thumbnailUrl\":\"https:\\\/\\\/www.vr-dichtungen.com\\\/wp-content\\\/uploads\\\/2024\\\/04\\\/sustainable_by_design.svg\",\"datePublished\":\"2024-04-30T05:22:19+00:00\",\"breadcrumb\":{\"@id\":\"https:\\\/\\\/www.vr-dichtungen.com\\\/ch\\\/technik\\\/lagerung\\\/#breadcrumb\"},\"inLanguage\":\"de-CH\",\"potentialAction\":[{\"@type\":\"ReadAction\",\"target\":[\"https:\\\/\\\/www.vr-dichtungen.com\\\/ch\\\/technik\\\/lagerung\\\/\"]}]},{\"@type\":\"ImageObject\",\"inLanguage\":\"de-CH\",\"@id\":\"https:\\\/\\\/www.vr-dichtungen.com\\\/ch\\\/technik\\\/lagerung\\\/#primaryimage\",\"url\":\"https:\\\/\\\/www.vr-dichtungen.com\\\/wp-content\\\/uploads\\\/2024\\\/04\\\/sustainable_by_design.svg\",\"contentUrl\":\"https:\\\/\\\/www.vr-dichtungen.com\\\/wp-content\\\/uploads\\\/2024\\\/04\\\/sustainable_by_design.svg\"},{\"@type\":\"BreadcrumbList\",\"@id\":\"https:\\\/\\\/www.vr-dichtungen.com\\\/ch\\\/technik\\\/lagerung\\\/#breadcrumb\",\"itemListElement\":[{\"@type\":\"ListItem\",\"position\":1,\"name\":\"Home\",\"item\":\"https:\\\/\\\/www.vr-dichtungen.com\\\/ch\\\/\"},{\"@type\":\"ListItem\",\"position\":2,\"name\":\"Technologie\",\"item\":\"https:\\\/\\\/www.vr-dichtungen.com\\\/ch\\\/technik\\\/\"},{\"@type\":\"ListItem\",\"position\":3,\"name\":\"Lagerung &#8211; Storage\"}]},{\"@type\":\"WebSite\",\"@id\":\"https:\\\/\\\/www.vr-dichtungen.com\\\/ch\\\/#website\",\"url\":\"https:\\\/\\\/www.vr-dichtungen.com\\\/ch\\\/\",\"name\":\"VR Dichtungen\",\"description\":\"Seals\",\"publisher\":{\"@id\":\"https:\\\/\\\/www.vr-dichtungen.com\\\/ch\\\/#organization\"},\"potentialAction\":[{\"@type\":\"SearchAction\",\"target\":{\"@type\":\"EntryPoint\",\"urlTemplate\":\"https:\\\/\\\/www.vr-dichtungen.com\\\/ch\\\/?s={search_term_string}\"},\"query-input\":{\"@type\":\"PropertyValueSpecification\",\"valueRequired\":true,\"valueName\":\"search_term_string\"}}],\"inLanguage\":\"de-CH\"},{\"@type\":\"Organization\",\"@id\":\"https:\\\/\\\/www.vr-dichtungen.com\\\/ch\\\/#organization\",\"name\":\"VR Dichtungen\",\"url\":\"https:\\\/\\\/www.vr-dichtungen.com\\\/ch\\\/\",\"logo\":{\"@type\":\"ImageObject\",\"inLanguage\":\"de-CH\",\"@id\":\"https:\\\/\\\/www.vr-dichtungen.com\\\/ch\\\/#\\\/schema\\\/logo\\\/image\\\/\",\"url\":\"https:\\\/\\\/www.vr-dichtungen.com\\\/wp-content\\\/uploads\\\/2024\\\/04\\\/VR-Logo-Blue.png\",\"contentUrl\":\"https:\\\/\\\/www.vr-dichtungen.com\\\/wp-content\\\/uploads\\\/2024\\\/04\\\/VR-Logo-Blue.png\",\"width\":1371,\"height\":268,\"caption\":\"VR Dichtungen\"},\"image\":{\"@id\":\"https:\\\/\\\/www.vr-dichtungen.com\\\/ch\\\/#\\\/schema\\\/logo\\\/image\\\/\"},\"sameAs\":[\"https:\\\/\\\/www.linkedin.com\\\/company\\\/36620051\\\/\"]}]}<\/script>\n<!-- \/ Yoast SEO Premium plugin. -->","yoast_head_json":{"title":"Lagerung - Storage - VR Dichtungen","robots":{"index":"index","follow":"follow","max-snippet":"max-snippet:-1","max-image-preview":"max-image-preview:large","max-video-preview":"max-video-preview:-1"},"canonical":"https:\/\/www.vr-dichtungen.com\/ch\/technik\/lagerung\/","og_locale":"de_DE","og_type":"article","og_title":"Lagerung - Storage","og_description":"Lagerung VR Dichtungen behalten ihre Eigenschaften nur, wenn sie richtig gelagert werden. Um die Dichtungsfunktion zu erhalten, sollte die Lagerung bis zum Einbau, die Reinigung und die Wartung den Richtlinien der DIN 7716 \/ ISO 2230 entsprechen. Das Ergebnis ist eine l\u00e4ngere Lebensdauer ohne nennenswerte Beeintr\u00e4chtigung der Nutzbarkeit. Eine vorzeitige Alterung, Aush\u00e4rtung oder Verwitterung wird [&hellip;]","og_url":"https:\/\/www.vr-dichtungen.com\/ch\/technik\/lagerung\/","og_site_name":"VR Dichtungen","og_image":[{"url":"https:\/\/www.vr-dichtungen.com\/wp-content\/uploads\/2024\/04\/sustainable_by_design.svg","type":"","width":"","height":""}],"twitter_card":"summary_large_image","twitter_misc":{"Gesch\u00e4tzte Lesezeit":"1\u00a0Minute"},"schema":{"@context":"https:\/\/schema.org","@graph":[{"@type":"WebPage","@id":"https:\/\/www.vr-dichtungen.com\/ch\/technik\/lagerung\/","url":"https:\/\/www.vr-dichtungen.com\/ch\/technik\/lagerung\/","name":"Lagerung - Storage - VR Dichtungen","isPartOf":{"@id":"https:\/\/www.vr-dichtungen.com\/ch\/#website"},"primaryImageOfPage":{"@id":"https:\/\/www.vr-dichtungen.com\/ch\/technik\/lagerung\/#primaryimage"},"image":{"@id":"https:\/\/www.vr-dichtungen.com\/ch\/technik\/lagerung\/#primaryimage"},"thumbnailUrl":"https:\/\/www.vr-dichtungen.com\/wp-content\/uploads\/2024\/04\/sustainable_by_design.svg","datePublished":"2024-04-30T05:22:19+00:00","breadcrumb":{"@id":"https:\/\/www.vr-dichtungen.com\/ch\/technik\/lagerung\/#breadcrumb"},"inLanguage":"de-CH","potentialAction":[{"@type":"ReadAction","target":["https:\/\/www.vr-dichtungen.com\/ch\/technik\/lagerung\/"]}]},{"@type":"ImageObject","inLanguage":"de-CH","@id":"https:\/\/www.vr-dichtungen.com\/ch\/technik\/lagerung\/#primaryimage","url":"https:\/\/www.vr-dichtungen.com\/wp-content\/uploads\/2024\/04\/sustainable_by_design.svg","contentUrl":"https:\/\/www.vr-dichtungen.com\/wp-content\/uploads\/2024\/04\/sustainable_by_design.svg"},{"@type":"BreadcrumbList","@id":"https:\/\/www.vr-dichtungen.com\/ch\/technik\/lagerung\/#breadcrumb","itemListElement":[{"@type":"ListItem","position":1,"name":"Home","item":"https:\/\/www.vr-dichtungen.com\/ch\/"},{"@type":"ListItem","position":2,"name":"Technologie","item":"https:\/\/www.vr-dichtungen.com\/ch\/technik\/"},{"@type":"ListItem","position":3,"name":"Lagerung &#8211; Storage"}]},{"@type":"WebSite","@id":"https:\/\/www.vr-dichtungen.com\/ch\/#website","url":"https:\/\/www.vr-dichtungen.com\/ch\/","name":"VR Dichtungen","description":"Seals","publisher":{"@id":"https:\/\/www.vr-dichtungen.com\/ch\/#organization"},"potentialAction":[{"@type":"SearchAction","target":{"@type":"EntryPoint","urlTemplate":"https:\/\/www.vr-dichtungen.com\/ch\/?s={search_term_string}"},"query-input":{"@type":"PropertyValueSpecification","valueRequired":true,"valueName":"search_term_string"}}],"inLanguage":"de-CH"},{"@type":"Organization","@id":"https:\/\/www.vr-dichtungen.com\/ch\/#organization","name":"VR Dichtungen","url":"https:\/\/www.vr-dichtungen.com\/ch\/","logo":{"@type":"ImageObject","inLanguage":"de-CH","@id":"https:\/\/www.vr-dichtungen.com\/ch\/#\/schema\/logo\/image\/","url":"https:\/\/www.vr-dichtungen.com\/wp-content\/uploads\/2024\/04\/VR-Logo-Blue.png","contentUrl":"https:\/\/www.vr-dichtungen.com\/wp-content\/uploads\/2024\/04\/VR-Logo-Blue.png","width":1371,"height":268,"caption":"VR Dichtungen"},"image":{"@id":"https:\/\/www.vr-dichtungen.com\/ch\/#\/schema\/logo\/image\/"},"sameAs":["https:\/\/www.linkedin.com\/company\/36620051\/"]}]}},"_links":{"self":[{"href":"https:\/\/www.vr-dichtungen.com\/ch\/wp-json\/wp\/v2\/pages\/5342","targetHints":{"allow":["GET"]}}],"collection":[{"href":"https:\/\/www.vr-dichtungen.com\/ch\/wp-json\/wp\/v2\/pages"}],"about":[{"href":"https:\/\/www.vr-dichtungen.com\/ch\/wp-json\/wp\/v2\/types\/page"}],"author":[{"embeddable":true,"href":"https:\/\/www.vr-dichtungen.com\/ch\/wp-json\/wp\/v2\/users\/2"}],"replies":[{"embeddable":true,"href":"https:\/\/www.vr-dichtungen.com\/ch\/wp-json\/wp\/v2\/comments?post=5342"}],"version-history":[{"count":0,"href":"https:\/\/www.vr-dichtungen.com\/ch\/wp-json\/wp\/v2\/pages\/5342\/revisions"}],"up":[{"embeddable":true,"href":"https:\/\/www.vr-dichtungen.com\/ch\/wp-json\/wp\/v2\/pages\/5329"}],"wp:attachment":[{"href":"https:\/\/www.vr-dichtungen.com\/ch\/wp-json\/wp\/v2\/media?parent=5342"}],"curies":[{"name":"wp","href":"https:\/\/api.w.org\/{rel}","templated":true}]}}