{"id":5234,"date":"2024-04-29T18:14:45","date_gmt":"2024-04-29T18:14:45","guid":{"rendered":"https:\/\/www.vr-dichtungen.com\/katalog-download\/"},"modified":"2026-02-18T14:57:41","modified_gmt":"2026-02-18T14:57:41","slug":"katalog-download","status":"publish","type":"page","link":"https:\/\/www.vr-dichtungen.com\/ch\/katalog-download\/","title":{"rendered":"Katalog Download"},"content":{"rendered":"\t\t<div data-elementor-type=\"wp-page\" data-elementor-id=\"5234\" class=\"elementor elementor-5234 elementor-1816\" data-elementor-settings=\"{&quot;ha_cmc_init_switcher&quot;:&quot;no&quot;}\" data-elementor-post-type=\"page\">\n\t\t\t\t\t\t<section class=\"elementor-section elementor-top-section elementor-element elementor-element-46a2ef5 elementor-section-content-middle elementor-section-boxed elementor-section-height-default elementor-section-height-default\" data-id=\"46a2ef5\" data-element_type=\"section\" data-e-type=\"section\" data-settings=\"{&quot;_ha_eqh_enable&quot;:false}\">\n\t\t\t\t\t\t<div class=\"elementor-container elementor-column-gap-default\">\n\t\t\t\t\t<div class=\"elementor-column elementor-col-100 elementor-top-column elementor-element elementor-element-0fa1475\" data-id=\"0fa1475\" data-element_type=\"column\" data-e-type=\"column\">\n\t\t\t<div class=\"elementor-widget-wrap elementor-element-populated\">\n\t\t\t\t\t\t<div class=\"elementor-element elementor-element-cd827d0 elementor-widget elementor-widget-heading\" data-id=\"cd827d0\" data-element_type=\"widget\" data-e-type=\"widget\" data-widget_type=\"heading.default\">\n\t\t\t\t<div class=\"elementor-widget-container\">\n\t\t\t\t\t<h2 class=\"elementor-heading-title elementor-size-default\">Katalog Download<\/h2>\t\t\t\t<\/div>\n\t\t\t\t<\/div>\n\t\t\t\t<div class=\"elementor-element elementor-element-7f752ca elementor-widget elementor-widget-text-editor\" data-id=\"7f752ca\" data-element_type=\"widget\" data-e-type=\"widget\" data-widget_type=\"text-editor.default\">\n\t\t\t\t<div class=\"elementor-widget-container\">\n\t\t\t\t\t\t\t\t\t<p>Um den Katalog herunterzuladen, geben Sie bitte die folgenden Daten ein.<\/p>\t\t\t\t\t\t\t\t<\/div>\n\t\t\t\t<\/div>\n\t\t\t\t\t<\/div>\n\t\t<\/div>\n\t\t\t\t\t<\/div>\n\t\t<\/section>\n\t\t\t\t<section class=\"elementor-section elementor-top-section elementor-element elementor-element-4f4df8c elementor-section-boxed elementor-section-height-default elementor-section-height-default\" data-id=\"4f4df8c\" data-element_type=\"section\" data-e-type=\"section\" data-settings=\"{&quot;_ha_eqh_enable&quot;:false}\">\n\t\t\t\t\t\t<div class=\"elementor-container elementor-column-gap-default\">\n\t\t\t\t\t<div class=\"elementor-column elementor-col-100 elementor-top-column elementor-element elementor-element-39346c2\" data-id=\"39346c2\" data-element_type=\"column\" data-e-type=\"column\" data-settings=\"{&quot;background_background&quot;:&quot;classic&quot;}\">\n\t\t\t<div class=\"elementor-widget-wrap elementor-element-populated\">\n\t\t\t\t\t\t<div class=\"elementor-element elementor-element-afcc29b elementor-button-align-stretch elementor-widget elementor-widget-form\" data-id=\"afcc29b\" data-element_type=\"widget\" data-e-type=\"widget\" data-settings=\"{&quot;step_next_label&quot;:&quot;N\\u00e4chster Schritt&quot;,&quot;step_previous_label&quot;:&quot;Vorherige&quot;,&quot;button_width&quot;:&quot;100&quot;,&quot;step_type&quot;:&quot;number_text&quot;,&quot;step_icon_shape&quot;:&quot;circle&quot;}\" data-widget_type=\"form.default\">\n\t\t\t\t<div class=\"elementor-widget-container\">\n\t\t\t\t\t\t\t<form class=\"elementor-form\" method=\"post\" name=\"Kontakt-Formular\" aria-label=\"Kontakt-Formular\">\n\t\t\t<input type=\"hidden\" name=\"post_id\" value=\"5234\"\/>\n\t\t\t<input type=\"hidden\" name=\"form_id\" value=\"afcc29b\"\/>\n\t\t\t<input type=\"hidden\" name=\"referer_title\" value=\"Katalog Download - VR Dichtungen\" \/>\n\n\t\t\t\t\t\t\t<input type=\"hidden\" name=\"queried_id\" value=\"5234\"\/>\n\t\t\t\n\t\t\t<div class=\"elementor-form-fields-wrapper elementor-labels-above\">\n\t\t\t\t\t\t\t\t<div class=\"elementor-field-type-select elementor-field-group elementor-column elementor-field-group-salutation elementor-col-20 elementor-field-required elementor-mark-required\">\n\t\t\t\t\t\t\t\t\t\t\t\t<label for=\"form-field-salutation\" class=\"elementor-field-label\">\n\t\t\t\t\t\t\t\tAnrede\t\t\t\t\t\t\t<\/label>\n\t\t\t\t\t\t\t\t<div class=\"elementor-field elementor-select-wrapper remove-before \">\n\t\t\t<div class=\"select-caret-down-wrapper\">\n\t\t\t\t<svg aria-hidden=\"true\" class=\"e-font-icon-svg e-eicon-caret-down\" viewBox=\"0 0 571.4 571.4\" xmlns=\"http:\/\/www.w3.org\/2000\/svg\"><path d=\"M571 393Q571 407 561 418L311 668Q300 679 286 679T261 668L11 418Q0 407 0 393T11 368 36 357H536Q550 357 561 368T571 393Z\"><\/path><\/svg>\t\t\t<\/div>\n\t\t\t<select name=\"form_fields[salutation]\" id=\"form-field-salutation\" class=\"elementor-field-textual elementor-size-sm\" required=\"required\">\n\t\t\t\t\t\t\t\t\t<option value=\"Herr\">Herr<\/option>\n\t\t\t\t\t\t\t\t\t<option value=\"Frau\">Frau<\/option>\n\t\t\t\t\t\t\t<\/select>\n\t\t<\/div>\n\t\t\t\t\t\t<\/div>\n\t\t\t\t\t\t\t\t<div class=\"elementor-field-type-text elementor-field-group elementor-column elementor-field-group-firstname elementor-col-40 elementor-field-required elementor-mark-required\">\n\t\t\t\t\t\t\t\t\t\t\t\t<label for=\"form-field-firstname\" class=\"elementor-field-label\">\n\t\t\t\t\t\t\t\tVorname\t\t\t\t\t\t\t<\/label>\n\t\t\t\t\t\t\t\t\t\t\t\t\t\t<input size=\"1\" type=\"text\" name=\"form_fields[firstname]\" id=\"form-field-firstname\" class=\"elementor-field elementor-size-sm  elementor-field-textual\" required=\"required\">\n\t\t\t\t\t\t\t\t\t\t\t<\/div>\n\t\t\t\t\t\t\t\t<div class=\"elementor-field-type-text elementor-field-group elementor-column elementor-field-group-lastname elementor-col-40 elementor-field-required elementor-mark-required\">\n\t\t\t\t\t\t\t\t\t\t\t\t<label for=\"form-field-lastname\" class=\"elementor-field-label\">\n\t\t\t\t\t\t\t\tNachname\t\t\t\t\t\t\t<\/label>\n\t\t\t\t\t\t\t\t\t\t\t\t\t\t<input size=\"1\" type=\"text\" name=\"form_fields[lastname]\" id=\"form-field-lastname\" class=\"elementor-field elementor-size-sm  elementor-field-textual\" required=\"required\">\n\t\t\t\t\t\t\t\t\t\t\t<\/div>\n\t\t\t\t\t\t\t\t<div class=\"elementor-field-type-number elementor-field-group elementor-column elementor-field-group-phone elementor-col-50\">\n\t\t\t\t\t\t\t\t\t\t\t\t<label for=\"form-field-phone\" class=\"elementor-field-label\">\n\t\t\t\t\t\t\t\tTelefon\t\t\t\t\t\t\t<\/label>\n\t\t\t\t\t\t\t\t\t<input type=\"number\" name=\"form_fields[phone]\" id=\"form-field-phone\" class=\"elementor-field elementor-size-sm  elementor-field-textual\" min=\"\" max=\"\" >\n\t\t\t\t\t\t<\/div>\n\t\t\t\t\t\t\t\t<div class=\"elementor-field-type-email elementor-field-group elementor-column elementor-field-group-email elementor-col-50 elementor-field-required elementor-mark-required\">\n\t\t\t\t\t\t\t\t\t\t\t\t<label for=\"form-field-email\" class=\"elementor-field-label\">\n\t\t\t\t\t\t\t\tE-Mail Adresse\t\t\t\t\t\t\t<\/label>\n\t\t\t\t\t\t\t\t\t\t\t\t\t\t<input size=\"1\" type=\"email\" name=\"form_fields[email]\" id=\"form-field-email\" class=\"elementor-field elementor-size-sm  elementor-field-textual\" required=\"required\">\n\t\t\t\t\t\t\t\t\t\t\t<\/div>\n\t\t\t\t\t\t\t\t<div class=\"elementor-field-type-acceptance elementor-field-group elementor-column elementor-field-group-field_5e8ad9d elementor-col-100 elementor-field-required elementor-mark-required\">\n\t\t\t\t\t\t\t\t\t\t\t\t<label for=\"form-field-field_5e8ad9d\" class=\"elementor-field-label\">\n\t\t\t\t\t\t\t\tDatenschutz\t\t\t\t\t\t\t<\/label>\n\t\t\t\t\t\t\t\t<div class=\"elementor-field-subgroup\">\n\t\t\t<span class=\"elementor-field-option\">\n\t\t\t\t<input type=\"checkbox\" name=\"form_fields[field_5e8ad9d]\" id=\"form-field-field_5e8ad9d\" class=\"elementor-field elementor-size-sm  elementor-acceptance-field\" required=\"required\">\n\t\t\t\t<label for=\"form-field-field_5e8ad9d\">Indem Sie das Kontrollk\u00e4stchen ankreuzen, erkl\u00e4ren Sie sich mit der Erfassung und Speicherung der von Ihnen angegebenen Daten einverstanden, um Sie zu kontaktieren und Ihre Anfrage gem\u00e4\u00df unserer Datenschutzrichtlinie zu beantworten. Sie k\u00f6nnen Ihre Zustimmung jederzeit widerrufen, indem Sie einfach eine E-Mail an info@vr-dichtungen.com senden.<\/label>\t\t\t<\/span>\n\t\t<\/div>\n\t\t\t\t\t\t<\/div>\n\t\t\t\t\t\t\t\t<div class=\"elementor-field-type-recaptcha elementor-field-group elementor-column elementor-field-group-field_2354eb2 elementor-col-100\">\n\t\t\t\t\t<div class=\"elementor-field\" id=\"form-field-field_2354eb2\"><div class=\"elementor-g-recaptcha\" data-sitekey=\"6LfNrUAUAAAAAMUgyGukMIDjCLr0zZrHb-DmBDqf\" data-type=\"v2_checkbox\" data-theme=\"light\" data-size=\"normal\"><\/div><\/div>\t\t\t\t<\/div>\n\t\t\t\t\t\t\t\t<div class=\"elementor-field-group elementor-column elementor-field-type-submit elementor-col-100 e-form__buttons\">\n\t\t\t\t\t<button class=\"elementor-button elementor-size-md\" type=\"submit\">\n\t\t\t\t\t\t<span class=\"elementor-button-content-wrapper\">\n\t\t\t\t\t\t\t\t\t\t\t\t\t\t\t\t\t\t\t\t\t\t<span class=\"elementor-button-text\">KATALOG-DOWNLOAD<\/span>\n\t\t\t\t\t\t\t\t\t\t\t\t\t<\/span>\n\t\t\t\t\t<\/button>\n\t\t\t\t<\/div>\n\t\t\t<\/div>\n\t\t<\/form>\n\t\t\t\t\t\t<\/div>\n\t\t\t\t<\/div>\n\t\t\t\t\t<\/div>\n\t\t<\/div>\n\t\t\t\t\t<\/div>\n\t\t<\/section>\n\t\t\t\t<\/div>\n\t\t","protected":false},"excerpt":{"rendered":"<p>Katalog Download Um den Katalog herunterzuladen, geben Sie bitte die folgenden Daten ein.<\/p>\n","protected":false},"author":2,"featured_media":0,"parent":0,"menu_order":0,"comment_status":"closed","ping_status":"closed","template":"","meta":{"content-type":"","footnotes":""},"class_list":["post-5234","page","type-page","status-publish","hentry"],"yoast_head":"<!-- This site is optimized with the Yoast SEO Premium plugin v27.4 (Yoast SEO v27.4) - https:\/\/yoast.com\/product\/yoast-seo-premium-wordpress\/ -->\n<title>Katalog Download - VR Dichtungen<\/title>\n<meta name=\"description\" content=\"Laden Sie unseren Katalog herunter und finden Sie die perfekte ein- oder zweilippige Dichtung f\u00fcr Ihr technisches Projekt.\" \/>\n<meta name=\"robots\" content=\"index, follow, max-snippet:-1, max-image-preview:large, max-video-preview:-1\" \/>\n<link rel=\"canonical\" href=\"https:\/\/www.vr-dichtungen.com\/ch\/katalog-download\/\" \/>\n<meta property=\"og:locale\" content=\"de_DE\" \/>\n<meta property=\"og:type\" content=\"article\" \/>\n<meta property=\"og:title\" content=\"Katalog Download\" \/>\n<meta property=\"og:description\" content=\"Laden Sie unseren Katalog herunter und finden Sie die perfekte ein- oder zweilippige Dichtung f\u00fcr Ihr technisches Projekt.\" \/>\n<meta property=\"og:url\" content=\"https:\/\/www.vr-dichtungen.com\/ch\/katalog-download\/\" \/>\n<meta property=\"og:site_name\" content=\"VR Dichtungen\" \/>\n<meta property=\"article:modified_time\" content=\"2026-02-18T14:57:41+00:00\" \/>\n<meta name=\"twitter:card\" content=\"summary_large_image\" \/>\n<meta name=\"twitter:label1\" content=\"Gesch\u00e4tzte Lesezeit\" \/>\n\t<meta name=\"twitter:data1\" content=\"2\u00a0Minuten\" \/>\n<script type=\"application\/ld+json\" class=\"yoast-schema-graph\">{\"@context\":\"https:\\\/\\\/schema.org\",\"@graph\":[{\"@type\":\"WebPage\",\"@id\":\"https:\\\/\\\/www.vr-dichtungen.com\\\/ch\\\/katalog-download\\\/\",\"url\":\"https:\\\/\\\/www.vr-dichtungen.com\\\/ch\\\/katalog-download\\\/\",\"name\":\"Katalog Download - VR Dichtungen\",\"isPartOf\":{\"@id\":\"https:\\\/\\\/www.vr-dichtungen.com\\\/ch\\\/#website\"},\"datePublished\":\"2024-04-29T18:14:45+00:00\",\"dateModified\":\"2026-02-18T14:57:41+00:00\",\"description\":\"Laden Sie unseren Katalog herunter und finden Sie die perfekte ein- oder zweilippige Dichtung f\u00fcr Ihr technisches Projekt.\",\"breadcrumb\":{\"@id\":\"https:\\\/\\\/www.vr-dichtungen.com\\\/ch\\\/katalog-download\\\/#breadcrumb\"},\"inLanguage\":\"de-CH\",\"potentialAction\":[{\"@type\":\"ReadAction\",\"target\":[\"https:\\\/\\\/www.vr-dichtungen.com\\\/ch\\\/katalog-download\\\/\"]}]},{\"@type\":\"BreadcrumbList\",\"@id\":\"https:\\\/\\\/www.vr-dichtungen.com\\\/ch\\\/katalog-download\\\/#breadcrumb\",\"itemListElement\":[{\"@type\":\"ListItem\",\"position\":1,\"name\":\"Home\",\"item\":\"https:\\\/\\\/www.vr-dichtungen.com\\\/ch\\\/\"},{\"@type\":\"ListItem\",\"position\":2,\"name\":\"Katalog Download\"}]},{\"@type\":\"WebSite\",\"@id\":\"https:\\\/\\\/www.vr-dichtungen.com\\\/ch\\\/#website\",\"url\":\"https:\\\/\\\/www.vr-dichtungen.com\\\/ch\\\/\",\"name\":\"VR Dichtungen\",\"description\":\"Seals\",\"publisher\":{\"@id\":\"https:\\\/\\\/www.vr-dichtungen.com\\\/ch\\\/#organization\"},\"potentialAction\":[{\"@type\":\"SearchAction\",\"target\":{\"@type\":\"EntryPoint\",\"urlTemplate\":\"https:\\\/\\\/www.vr-dichtungen.com\\\/ch\\\/?s={search_term_string}\"},\"query-input\":{\"@type\":\"PropertyValueSpecification\",\"valueRequired\":true,\"valueName\":\"search_term_string\"}}],\"inLanguage\":\"de-CH\"},{\"@type\":\"Organization\",\"@id\":\"https:\\\/\\\/www.vr-dichtungen.com\\\/ch\\\/#organization\",\"name\":\"VR Dichtungen\",\"url\":\"https:\\\/\\\/www.vr-dichtungen.com\\\/ch\\\/\",\"logo\":{\"@type\":\"ImageObject\",\"inLanguage\":\"de-CH\",\"@id\":\"https:\\\/\\\/www.vr-dichtungen.com\\\/ch\\\/#\\\/schema\\\/logo\\\/image\\\/\",\"url\":\"https:\\\/\\\/www.vr-dichtungen.com\\\/wp-content\\\/uploads\\\/2024\\\/04\\\/VR-Logo-Blue.png\",\"contentUrl\":\"https:\\\/\\\/www.vr-dichtungen.com\\\/wp-content\\\/uploads\\\/2024\\\/04\\\/VR-Logo-Blue.png\",\"width\":1371,\"height\":268,\"caption\":\"VR Dichtungen\"},\"image\":{\"@id\":\"https:\\\/\\\/www.vr-dichtungen.com\\\/ch\\\/#\\\/schema\\\/logo\\\/image\\\/\"},\"sameAs\":[\"https:\\\/\\\/www.linkedin.com\\\/company\\\/36620051\\\/\"]}]}<\/script>\n<!-- \/ Yoast SEO Premium plugin. -->","yoast_head_json":{"title":"Katalog Download - VR Dichtungen","description":"Laden Sie unseren Katalog herunter und finden Sie die perfekte ein- oder zweilippige Dichtung f\u00fcr Ihr technisches Projekt.","robots":{"index":"index","follow":"follow","max-snippet":"max-snippet:-1","max-image-preview":"max-image-preview:large","max-video-preview":"max-video-preview:-1"},"canonical":"https:\/\/www.vr-dichtungen.com\/ch\/katalog-download\/","og_locale":"de_DE","og_type":"article","og_title":"Katalog Download","og_description":"Laden Sie unseren Katalog herunter und finden Sie die perfekte ein- oder zweilippige Dichtung f\u00fcr Ihr technisches Projekt.","og_url":"https:\/\/www.vr-dichtungen.com\/ch\/katalog-download\/","og_site_name":"VR Dichtungen","article_modified_time":"2026-02-18T14:57:41+00:00","twitter_card":"summary_large_image","twitter_misc":{"Gesch\u00e4tzte Lesezeit":"2\u00a0Minuten"},"schema":{"@context":"https:\/\/schema.org","@graph":[{"@type":"WebPage","@id":"https:\/\/www.vr-dichtungen.com\/ch\/katalog-download\/","url":"https:\/\/www.vr-dichtungen.com\/ch\/katalog-download\/","name":"Katalog Download - VR Dichtungen","isPartOf":{"@id":"https:\/\/www.vr-dichtungen.com\/ch\/#website"},"datePublished":"2024-04-29T18:14:45+00:00","dateModified":"2026-02-18T14:57:41+00:00","description":"Laden Sie unseren Katalog herunter und finden Sie die perfekte ein- oder zweilippige Dichtung f\u00fcr Ihr technisches Projekt.","breadcrumb":{"@id":"https:\/\/www.vr-dichtungen.com\/ch\/katalog-download\/#breadcrumb"},"inLanguage":"de-CH","potentialAction":[{"@type":"ReadAction","target":["https:\/\/www.vr-dichtungen.com\/ch\/katalog-download\/"]}]},{"@type":"BreadcrumbList","@id":"https:\/\/www.vr-dichtungen.com\/ch\/katalog-download\/#breadcrumb","itemListElement":[{"@type":"ListItem","position":1,"name":"Home","item":"https:\/\/www.vr-dichtungen.com\/ch\/"},{"@type":"ListItem","position":2,"name":"Katalog Download"}]},{"@type":"WebSite","@id":"https:\/\/www.vr-dichtungen.com\/ch\/#website","url":"https:\/\/www.vr-dichtungen.com\/ch\/","name":"VR Dichtungen","description":"Seals","publisher":{"@id":"https:\/\/www.vr-dichtungen.com\/ch\/#organization"},"potentialAction":[{"@type":"SearchAction","target":{"@type":"EntryPoint","urlTemplate":"https:\/\/www.vr-dichtungen.com\/ch\/?s={search_term_string}"},"query-input":{"@type":"PropertyValueSpecification","valueRequired":true,"valueName":"search_term_string"}}],"inLanguage":"de-CH"},{"@type":"Organization","@id":"https:\/\/www.vr-dichtungen.com\/ch\/#organization","name":"VR Dichtungen","url":"https:\/\/www.vr-dichtungen.com\/ch\/","logo":{"@type":"ImageObject","inLanguage":"de-CH","@id":"https:\/\/www.vr-dichtungen.com\/ch\/#\/schema\/logo\/image\/","url":"https:\/\/www.vr-dichtungen.com\/wp-content\/uploads\/2024\/04\/VR-Logo-Blue.png","contentUrl":"https:\/\/www.vr-dichtungen.com\/wp-content\/uploads\/2024\/04\/VR-Logo-Blue.png","width":1371,"height":268,"caption":"VR Dichtungen"},"image":{"@id":"https:\/\/www.vr-dichtungen.com\/ch\/#\/schema\/logo\/image\/"},"sameAs":["https:\/\/www.linkedin.com\/company\/36620051\/"]}]}},"_links":{"self":[{"href":"https:\/\/www.vr-dichtungen.com\/ch\/wp-json\/wp\/v2\/pages\/5234","targetHints":{"allow":["GET"]}}],"collection":[{"href":"https:\/\/www.vr-dichtungen.com\/ch\/wp-json\/wp\/v2\/pages"}],"about":[{"href":"https:\/\/www.vr-dichtungen.com\/ch\/wp-json\/wp\/v2\/types\/page"}],"author":[{"embeddable":true,"href":"https:\/\/www.vr-dichtungen.com\/ch\/wp-json\/wp\/v2\/users\/2"}],"replies":[{"embeddable":true,"href":"https:\/\/www.vr-dichtungen.com\/ch\/wp-json\/wp\/v2\/comments?post=5234"}],"version-history":[{"count":1,"href":"https:\/\/www.vr-dichtungen.com\/ch\/wp-json\/wp\/v2\/pages\/5234\/revisions"}],"predecessor-version":[{"id":5235,"href":"https:\/\/www.vr-dichtungen.com\/ch\/wp-json\/wp\/v2\/pages\/5234\/revisions\/5235"}],"wp:attachment":[{"href":"https:\/\/www.vr-dichtungen.com\/ch\/wp-json\/wp\/v2\/media?parent=5234"}],"curies":[{"name":"wp","href":"https:\/\/api.w.org\/{rel}","templated":true}]}}